{"id":5,"date":"2015-12-26T03:10:58","date_gmt":"2015-12-26T03:10:58","guid":{"rendered":"http:\/\/mariongerard.com\/?page_id=5"},"modified":"2023-01-15T16:23:19","modified_gmt":"2023-01-15T16:23:19","slug":"a-propos","status":"publish","type":"page","link":"https:\/\/mariongerard.com\/?page_id=5","title":{"rendered":"Pour me joindre"},"content":{"rendered":"<p><strong>Marion H G\u00e9rard<\/strong><br \/>\nT\u00e9l\u00e9phone : 514-757-1363<br \/>\n<strong>Courriel : <a href=\"mailto:info@mariongerard.com\">info@mariongerard.com<\/a><\/strong><\/p>\n<form action=\"https:\/\/www.paypal.com\/cgi-bin\/webscr\" method=\"post\" target=\"_top\"><img loading=\"lazy\" decoding=\"async\" src=\"https:\/\/www.paypalobjects.com\/fr_CA\/i\/scr\/pixel.gif\" alt=\"\" width=\"1\" height=\"1\" border=\"0\" \/><\/p>\n<\/form>\n<p><iframe loading=\"lazy\" style=\"border: 0;\" src=\"https:\/\/www.google.com\/maps\/embed?pb=!1m18!1m12!1m3!1d2793.6039334726343!2d-73.89997004906043!3d45.558292478999604!2m3!1f0!2f0!3f0!3m2!1i1024!2i768!4f13.1!3m3!1m2!1s0x4cc92f87283ee857%3A0x75d007cbada821ec!2sMarion+H.+G%C3%A9rard+Artiste+Peintre!5e0!3m2!1sfr!2sca!4v1451160658772\" width=\"600\" height=\"450\" frameborder=\"0\" allowfullscreen=\"allowfullscreen\"><\/iframe><\/p>\n","protected":false},"excerpt":{"rendered":"<p>Marion H G\u00e9rard T\u00e9l\u00e9phone : 514-757-1363 Courriel : info@mariongerard.com<\/p>\n","protected":false},"author":1,"featured_media":0,"parent":0,"menu_order":0,"comment_status":"closed","ping_status":"closed","template":"","meta":{"footnotes":""},"class_list":["post-5","page","type-page","status-publish","hentry"],"_links":{"self":[{"href":"https:\/\/mariongerard.com\/index.php?rest_route=\/wp\/v2\/pages\/5","targetHints":{"allow":["GET"]}}],"collection":[{"href":"https:\/\/mariongerard.com\/index.php?rest_route=\/wp\/v2\/pages"}],"about":[{"href":"https:\/\/mariongerard.com\/index.php?rest_route=\/wp\/v2\/types\/page"}],"author":[{"embeddable":true,"href":"https:\/\/mariongerard.com\/index.php?rest_route=\/wp\/v2\/users\/1"}],"replies":[{"embeddable":true,"href":"https:\/\/mariongerard.com\/index.php?rest_route=%2Fwp%2Fv2%2Fcomments&post=5"}],"version-history":[{"count":18,"href":"https:\/\/mariongerard.com\/index.php?rest_route=\/wp\/v2\/pages\/5\/revisions"}],"predecessor-version":[{"id":526,"href":"https:\/\/mariongerard.com\/index.php?rest_route=\/wp\/v2\/pages\/5\/revisions\/526"}],"wp:attachment":[{"href":"https:\/\/mariongerard.com\/index.php?rest_route=%2Fwp%2Fv2%2Fmedia&parent=5"}],"curies":[{"name":"wp","href":"https:\/\/api.w.org\/{rel}","templated":true}]}}