{"id":32,"date":"2015-12-26T03:28:05","date_gmt":"2015-12-26T03:28:05","guid":{"rendered":"http:\/\/mariongerard.com\/?page_id=32"},"modified":"2018-12-03T05:16:46","modified_gmt":"2018-12-03T05:16:46","slug":"curriculum-vitae","status":"publish","type":"page","link":"https:\/\/mariongerard.com\/?page_id=32","title":{"rendered":"Curriculum Vitae"},"content":{"rendered":"<p>Marion H. G\u00e9rard, artiste peintre subaquatique<br \/>\n<img loading=\"lazy\" decoding=\"async\" class=\"alignnone size-full wp-image-70 alignleft\" src=\"https:\/\/mariongerard.com\/wp-content\/uploads\/2018\/12\/logo-marion-3-blanc.png\" alt=\"logo-marion-3-blanc.png\" width=\"300\" height=\"300\" \/><\/p>\n<p>Naissance<br \/>\nBordeaux, France<\/p>\n<p>R\u00e9sidence<br \/>\n278 rue Saint-Eustache,<br \/>\nSaint-Eustache, Qu\u00e9bec J7R 2L7 (Canada).<br \/>\nT\u00e9l\u00e9phone. : 514-757-1363<br \/>\nCourriel : info@mariongerard.com<br \/>\nwww.mariongerard.com<\/p>\n<p><strong>Formation artistique :<br \/>\n<\/strong>\u2022\u00a02007-2006. \u00c9cole des Beaux-Arts Montr\u00e9al \u00a0 \u00a0 \u00a0Artus, avec Nikola\u00ef Kupriakov.<br \/>\n\u2022 2007-2006. Conseil de la culture des Laurentides, formations supervis\u00e9es par<br \/>\n\u2022 Sylviane Poirier (Artiste promoteur 1, le r\u00e9seautage, le march\u00e9 de l\u2019art et ses<br \/>\n\u2022 dessous, artiste promoteur 2, aide aux artistes).<br \/>\n\u2022 2006-2005. Atelier avec Georges Dedoyard.<br \/>\n\u2022 2007. Pointillisme, atelier avec Doris Yacovelli.<\/p>\n<p><strong>Expositions individuelles :<\/strong><br \/>\n\u2022 2017. L&rsquo;eau, J&rsquo;ai \u00d4s\u00e9! exposition d&rsquo;oeuvres subaquatiques avec conf\u00e9rence sur l&rsquo;environnement<br \/>\nmarin, Qu\u00e9bec<br \/>\n\u2022 2014. Bureau du d\u00e9put\u00e9 des Deux-Montagnes, monsieur Benoit Charrette<br \/>\n\u2022 2014. Centre d\u2019art La Petite \u00c9glise, Saint-Eustache.<br \/>\n\u2022 2013. Jardins d\u2019exposition, Saint-Eustache.<br \/>\n\u2022 2012. Centre d\u2019art La Petite \u00c9glise, Saint-Eustache.<br \/>\n\u2022 2006. Longueuil, Salle Jean-Louis Millette, Op\u00e9ration Enfant Soleil 20 ans.<br \/>\n\u2022 2005. Saint-Denis sur le Richelieu, La p\u2019tite sc\u00e8ne.<\/p>\n<p><strong>Expositions :<\/strong><br \/>\n\u2022 2016. Carpentras, France exposition a\u00e9rienne sur invitation<br \/>\n\u2022 2016. Jupiter island, USA<br \/>\n\u2022 2016. Art Vancouver, Canada<br \/>\n\u2022 2016. Indiana Well, Californie, USA<br \/>\n\u2022 2016. Artiste invit\u00e9e au symposium de Pr\u00e9vost<br \/>\n\u2022 2014. 12e festival d\u2019art plastique de Monastir. Tunisie<br \/>\n\u2022 2013. 11e festival d\u2019art plastique de Monastir. Tunisie<br \/>\n\u2022 2013. Toronto Art Expo, Convention Centre, Toronto<br \/>\n\u2022 2013. Qu\u00e9bec symposium Bienvenue en Ville. Qu\u00e9bec<br \/>\n\u2022 2012. Espace Kam\u00e9l\u00e9on. Quartier Montparnasse. Paris<br \/>\n\u2022 2012. Galerie Jardin d\u2019art. Paris<br \/>\n\u2022 2012. Salon International de la Soci\u00e9t\u00e9 Nationale des Beaux-Arts (SNBA), Carrousel du Louvres.<br \/>\nParis<br \/>\n\u2022 2012. Symposium des Patriotes, Centre d\u2019art La Petite \u00c9glise, Saint-Eustache.<br \/>\n\u2022 2012. Toronto Art Expo, Convention Centre, Toronto.<br \/>\n\u2022 2011. Salon International de la Soci\u00e9t\u00e9 Nationale des Beaux-Arts (SNBA), Carrousel du Louvres. \u00a0Paris<br \/>\n\u2022 2011. Salon International d\u2019art contemporain, March\u00e9 Bonsecours, Montr\u00e9al.<br \/>\n\u2022 2007. Saint-Faustin.<br \/>\n\u2022 2006. Visionn\u2019 Arts, Saint-Eustache.<br \/>\n\u2022 2006-2005-2004. Festival de peinture de Mascouche.<br \/>\n\u2022 2004-2002-2001. Samir Kashami, Comme-Unique-Art, Saint-Eustache.<br \/>\n\u2022 2003. CAPSQ Chateau Dufresne, American Can, Montr\u00e9al.<br \/>\n\u2022 2002. Les jardins d\u2019Emma, Saint-Hilaire.<br \/>\n\u2022 2014.Symposium des Plaines en Couleurs Qu\u00e9bec<br \/>\n\u2022 2013. Symposium \u00e0 la gare Modale de Qu\u00e9bec<br \/>\n\u2022 2012. Biblioth\u00e8que Sylvain-Garneau, Laval.<br \/>\n\u2022 2012. 1er Symposium de Val-des-Lacs.<br \/>\n\u2022 2007-2005. Sainte-Anne-Des-Plaines.<br \/>\n\u2022 2009-2008-2007-2006. Restaurant du Vieux Saint-Eustache.<br \/>\n\u2022 2007. Visionn\u2019Arts et Spectacles \u00e0 la place Dabo, Ville Lorraine.<br \/>\n\u2022 2006. Caisse populaire Saint-Eustache Deux-Montagnes, centre d\u2019art la Petite<br \/>\n\u2022 \u00c9glise, Saint-Eustache.<br \/>\n\u2022 2006-2005-2004. Poly-arts, Centre d\u2019art La Petite \u00c9glise, Saint-Eustache.<br \/>\n\u2022 2006. Journ\u00e9e de la culture, Laval.<br \/>\n\u2022 2007.2006. La route des fleurs, Sainte-Doroth\u00e9e.<br \/>\n\u2022 2006. Symposium de Saint-Eustache, Maison Ch\u00e9nier Sauv\u00e9.<br \/>\n\u2022 2005. Rest-art, parc de la Visitation, Laval.<br \/>\n\u2022 2004. Parc de la nature, Laval.<br \/>\n\u2022 2002. Symposium de Rosem\u00e8re.<\/p>\n<p><strong>En galerie :<\/strong><br \/>\n\u2022 2016. Novem Fine Art<br \/>\n\u2022 2014-2013 Galerie Sharmakaya Saint-Eustache<br \/>\n\u2022 2012. Galerie Kam\u00e9l\u00e9on, Paris.<br \/>\n\u2022 2012. Galerie Brenart, Bruxelles.<br \/>\n\u2022 2012. Galerie ESART, Barcelone.<br \/>\n\u2022 2011. Galerie Art&amp;Miss, Paris (Le Canada rencontre l\u2019Europe).<br \/>\n\u2022 2005-2004. Galerie J\u2019en r\u00eave, Saint-Ours sur Richelieu.<\/p>\n<p><strong>Prix :<\/strong><br \/>\n\u2022 2017. R\u00e9cipidendaire de l&rsquo;ordre de Saint-Eustache<br \/>\n\u2022 2017. R\u00e9cipiendaire du prix Cyb\u00e8le, cat\u00e9gorie art visuelle<br \/>\n\u2022 2017. R\u00e9cipiendaire de la m\u00e9daille de l&rsquo;Assembl\u00e9e nationale du Qu\u00e9bec<br \/>\n\u2022 2013. Entr\u00e9e au Mus\u00e9e des Beaux Arts de Monastir en Tunisie<br \/>\n\u2022 2012. M\u00e9daille de bronze, Commission sup\u00e9rieure des r\u00e9compenses de la Soci\u00e9t\u00e9 acad\u00e9mique \u00a0 \u00a0Arts-Sciences-Lettres, Paris.(reconnaissance de mes pairs)<br \/>\n\u2022 2011. Prix sp\u00e9cial 2011, Salon International de la Soci\u00e9t\u00e9 Nationale des Beaux-Arts (SNBA), \u00a0Carrousel du Louvre, Paris.<br \/>\n\u2022 2006. Deuxi\u00e8me prix toutes cat\u00e9gories, Festival de peinture de Mascouche. (reconnaissance de \u00a0mes pairs)<\/p>\n<p><strong>Projets r\u00e9alis\u00e9s :<\/strong><br \/>\n\u2022 2017. cr\u00e9ation d&rsquo;une vid\u00e9o sur la peinture subaquatique et sur l&rsquo;importance de la protection des \u00a0eaux.:\u00a0\u00bbL&rsquo;eau, j&rsquo;ai \u00d4s\u00e9!\u00a0\u00bb<br \/>\n\u2022 2017. Exposition \u00e0 l&rsquo;occasion de la journ\u00e9e mondiale de l&rsquo;eau propos\u00e9e par L&rsquo;UNESCO sur les \u00a0fonds marins, accompagn\u00e9e d&rsquo;une conf\u00e9rence sur l&rsquo;environnement \u00ab L&rsquo;eau, j&rsquo;ai \u00d4s\u00e9 ! \u00bb.<br \/>\n\u2022 2017.Laboratoire art Urbain St-Eustache.<br \/>\n\u2022 2016. Plong\u00e9e pour l\u2019homologation d\u2019un record Guinness. 107 pieds\/32,20 m\u00e8tres dans une eau \u00e0 \u00a045 faraneith , 7 degr\u00e9s Celcius. Carri\u00e8re Morisson Chelsea Canada.<br \/>\n\u2022 2015. Exp\u00e9dition et r\u00e9alisation d\u2019\u0153uvres subaquatiques en Polyn\u00e9sie fran\u00e7aise.<br \/>\n\u2022 2015. R\u00e9alisation d\u2019\u0153uvres subaquatiques en eaux froides (10c)<br \/>\n\u2022 2015. R\u00e9alisation du projet \u00ab L\u2019impressionnisme de l\u2019oc\u00e9an \u00bb accompagn\u00e9 d\u2019une brochure sur les \u00a0 \u00a0demandes de partenariats et commandites.<br \/>\n\u2022 2014. Premi\u00e8re \u0153uvre r\u00e9alis\u00e9e sous l\u2019eau en mus\u00e9e \u00e0 Monastir, Tunisie.<br \/>\n\u2022 2014. Atelier et initiation \u00e0 la peinture sous-marine au Festival international d\u2019arts plastiques de \u00a0Monastir en Tunisie.<br \/>\n\u2022 2014. Peinture sous l\u2019eau, \u00e9tude de technique dans le lac Saint-Fran\u00e7ois.<br \/>\n\u2022 2014. Atelier de cr\u00e9ation et m\u00e9ditation en partenariat avec L\u2019\u00c9thique par le c\u0153ur.<br \/>\n\u2022 2011-2010. Peintures pour Toul\u00e8sarts, Claudine Thibaudeau, Saint-Eustache.<br \/>\n\u2022 2009. Fresque r\u00e9alis\u00e9e pour Sharmakaya, Saint-Eustache.<br \/>\n\u2022 2007. All\u00e9e des artistes, Val-David.<br \/>\n\u2022 2006-2005. Peinture collective dans le cadre de la journ\u00e9e de la famille, ville de Mascouche.<br \/>\n\u2022 2006-2005. Festival de la galette, Saint-Eustache.<br \/>\n\u2022 2005. Peinture en direct lors de spectacles, La p\u2019tite sc\u00e8ne.<\/p>\n<p><strong>Implications membership :<\/strong><br \/>\n\u2022 2017-2016-2015-2014-2012-2011-2010-2009-2008-2007. Conseil de la culture des Laurentides.<br \/>\n\u2022 2016.Tourisme Laurentides<br \/>\n\u2022 2015-2014.Tourisme Basses-Laurentides<br \/>\n\u2022 2014-2013. A.B.A.M Association des Beaux Arts de Monastir Tunisie<br \/>\n\u2022 2015-2014-2013-2012. Soci\u00e9t\u00e9 Acad\u00e9mique ARTS-SCIENCES-LETTRES<br \/>\n\u2022 2015-2014-2013-2012-2011. RAAVQ.<br \/>\n\u2022 2014-2013-2012-2011-2010 Pr\u00e9sidente au sein du C.A. Symposium des Patriotes, Saint-Eustache.<br \/>\n\u2022 2009-2008-2007-2006. Visionn\u2019 Arts et Spectacles.<br \/>\n\u2022 2007. Administrateur fondation Ch\u00e9nier Sauv\u00e9.<br \/>\n\u2022 2007. Vice-pr\u00e9sidente Poly-arts, Saint-Eustache.<br \/>\n\u2022 2007-2006. Quartier du Cheval Blanc, Laval.<br \/>\n\u2022 2006-2005. Secr\u00e9taire Poly-arts, Saint-Eustache.<br \/>\n\u2022 2006-2005.Vice-pr\u00e9sidente du festival de peinture de Mascouche.<br \/>\n\u2022 2003. CAPSQ Montr\u00e9al.<\/p>\n<p><strong>Fondations :<\/strong><br \/>\n\u2022 2014. Don \u00e0 la fondation de l\u2019h\u00f4pital Saint-Eustache<br \/>\n\u2022 2014. Don \u00e0 la fondation C.E.S.A.M.E centre pour la petite enfance en sant\u00e9 mentale.<br \/>\n\u2022 2003. Don pour la fondation de la maladie de crohn<\/p>\n<p>Autres :<br \/>\n\u2022 2017. CCR, peinture subaquatique en milieu contr\u00f4l\u00e9.<br \/>\n\u2022 2015-2016.Projet urbaine, peinture de rue Saint-Eustache, Qu\u00e9bec , Canada<br \/>\n\u2022 2015. Projet \u00ab Peindre l\u2019eau \u00bb avec plusieurs \u0153uvres r\u00e9alis\u00e9es au Funea \u00e0 Tahiti , Polyn\u00e9sie<br \/>\nFran\u00e7aise.<br \/>\n\u2022 2014. Recherche et d\u00e9veloppement d\u2019une fusion de la peinture et de la plong\u00e9e sous-marine.<br \/>\n\u2022 2014-2014-2013-2012. Fondation \u00c9lite Saint-Eustache, r\u00e9cipiendaire d\u2019une bourse d\u2019\u00e9tudes.<br \/>\n\u2022 2012. R\u00e9cipiendaire au fonds d\u2019investissement en \u00e9conomie sociale, volet culturel du CLD Deux- \u00a0 \u00a0Montagnes.<br \/>\n\u2022 2011. Fondation \u00c9lite Saint-Eustache, r\u00e9cipiendaire d\u2019une bourse d\u2019\u00e9tudes.<br \/>\n\u2022 2011. R\u00e9cipiendaire au fonds d\u2019investissement en \u00e9conomie sociale, volet culturel du CLD Deux- \u00a0Montagnes.<br \/>\n\u2022 2011-2010-2009. Recherches et d\u00e9veloppement, p\u00e9riode charni\u00e8re.<br \/>\n\u2022 2009-2008. Cr\u00e9ation et mise en march\u00e9 d\u2019 ANJES Design Communication. \u00a0www.anjesdesigncommunication.com<\/p>\n<p><strong>Collection :<\/strong><br \/>\n\u2022 Mus\u00e9e de Monastir . Tunisie<br \/>\n\u2022 Collection permanente d\u2019\u0153uvres d\u2019art de la ville de Saint-Eustache, Qu\u00e9bec Canada<\/p>\n<p><strong>En cours :<\/strong><br \/>\n\u2022 2017. En cours d\u2019homologation d\u2019un record Guinness \u201cDeepest underwater altitude to complete a \u00a0painting\u201d<\/p>\n<p><strong>\u00c0 venir :<\/strong><br \/>\n\u2022 Octobre 2017 en nomination pour la cat\u00e9gorie Art, prix Cyb\u00e8le<br \/>\n\u2022 Exploration et r\u00e9alisation d\u2019une collection pour le projet en cours, volet Mexique<br \/>\n\u2022 Pr\u00e9paration d\u2019une exposition itin\u00e9rante sur les fonds marins.<br \/>\n\u2022 Objectif : Peindre le 7e continent.<\/p>\n<p>&nbsp;<\/p>\n","protected":false},"excerpt":{"rendered":"<p>Marion H. G\u00e9rard, artiste peintre subaquatique Naissance Bordeaux, France R\u00e9sidence 278 rue Saint-Eustache, Saint-Eustache, Qu\u00e9bec J7R 2L7 (Canada). T\u00e9l\u00e9phone. : 514-757-1363 Courriel : info@mariongerard.com www.mariongerard.com Formation artistique : \u2022\u00a02007-2006. \u00c9cole des Beaux-Arts Montr\u00e9al \u00a0 \u00a0 \u00a0Artus, avec Nikola\u00ef Kupriakov. \u2022 2007-2006. Conseil de la culture des Laurentides, formations supervis\u00e9es par \u2022 Sylviane Poirier (Artiste promoteur&#8230;<\/p>\n","protected":false},"author":1,"featured_media":0,"parent":0,"menu_order":0,"comment_status":"closed","ping_status":"closed","template":"","meta":{"footnotes":""},"class_list":["post-32","page","type-page","status-publish","hentry"],"_links":{"self":[{"href":"https:\/\/mariongerard.com\/index.php?rest_route=\/wp\/v2\/pages\/32","targetHints":{"allow":["GET"]}}],"collection":[{"href":"https:\/\/mariongerard.com\/index.php?rest_route=\/wp\/v2\/pages"}],"about":[{"href":"https:\/\/mariongerard.com\/index.php?rest_route=\/wp\/v2\/types\/page"}],"author":[{"embeddable":true,"href":"https:\/\/mariongerard.com\/index.php?rest_route=\/wp\/v2\/users\/1"}],"replies":[{"embeddable":true,"href":"https:\/\/mariongerard.com\/index.php?rest_route=%2Fwp%2Fv2%2Fcomments&post=32"}],"version-history":[{"count":11,"href":"https:\/\/mariongerard.com\/index.php?rest_route=\/wp\/v2\/pages\/32\/revisions"}],"predecessor-version":[{"id":280,"href":"https:\/\/mariongerard.com\/index.php?rest_route=\/wp\/v2\/pages\/32\/revisions\/280"}],"wp:attachment":[{"href":"https:\/\/mariongerard.com\/index.php?rest_route=%2Fwp%2Fv2%2Fmedia&parent=32"}],"curies":[{"name":"wp","href":"https:\/\/api.w.org\/{rel}","templated":true}]}}